{"id":1035,"date":"2025-09-18T19:25:42","date_gmt":"2025-09-18T19:25:42","guid":{"rendered":"https:\/\/www.cleverequinesolutions.com\/?page_id=1035"},"modified":"2025-09-18T19:25:43","modified_gmt":"2025-09-18T19:25:43","slug":"wsparcie-projektu","status":"publish","type":"page","link":"https:\/\/www.cleverequinesolutions.com\/de\/wsparcie-projektu\/","title":{"rendered":"Wsparcie projektu"},"content":{"rendered":"<figure class=\"wp-block-image size-full\"><img fetchpriority=\"high\" decoding=\"async\" width=\"945\" height=\"100\" src=\"https:\/\/www.cleverequinesolutions.com\/wp-content\/uploads\/2025\/09\/2YDlv0Ee0091Eaex.png\" alt=\"\" class=\"wp-image-1036\" srcset=\"https:\/\/www.cleverequinesolutions.com\/wp-content\/uploads\/2025\/09\/2YDlv0Ee0091Eaex.png 945w, https:\/\/www.cleverequinesolutions.com\/wp-content\/uploads\/2025\/09\/2YDlv0Ee0091Eaex-300x32.png 300w, https:\/\/www.cleverequinesolutions.com\/wp-content\/uploads\/2025\/09\/2YDlv0Ee0091Eaex-768x81.png 768w, https:\/\/www.cleverequinesolutions.com\/wp-content\/uploads\/2025\/09\/2YDlv0Ee0091Eaex-18x2.png 18w\" sizes=\"(max-width: 945px) 100vw, 945px\" \/><\/figure>\n\n\n\n<p>Clever Equine Solutions sp. z o.o. realizuje projekt dofinansowany ze \u015brodk\u00f3w Unii Europejskiej.<\/p>\n\n\n\n<p>Tytu\u0142 projektu: &#8221;&nbsp;CMS \u2013 centralny system podci\u015bnieniowego usuwania nieczysto\u015bci z boks\u00f3w stajennych dla koni.\u201d<\/p>\n\n\n\n<p>Przedmiotem projektu s\u0105 prace B+R (w tym badania przemys\u0142owe i eksperymentalne prace rozwojowe) zmierzaj\u0105ce do opracowania innowacyjnego w skali kraju (Polski) produktu \u2013 centralnego systemu podci\u015bnieniowego usuwania nieczysto\u015bci z boks\u00f3w stajennych dla koni;<\/p>\n\n\n\n<p>W ramach realizacji projektu przeprowadzone zostan\u0105 nast\u0119puj\u0105ce prace:1.Przeprowadzenie oblicze\u0144 i symulacji komputerowych w celu okre\u015blenia parametr\u00f3w podci\u015bnienia i przep\u0142ywu powietrza niezb\u0119dnych do odessania nieczysto\u015bci.&nbsp;<br>2.&nbsp;Przeprowadzenie prac konstruktorskich w celu opracowania projektu mechanicznych element\u00f3w sk\u0142adowych systemu oraz projektu element\u00f3w steruj\u0105cych systemem.3.&nbsp;Budowa prototypu systemu i przeprowadzenie test\u00f3w4.&nbsp;Wykonanie&nbsp;&nbsp;i kompletacja dokumentacji technicznej<\/p>\n\n\n\n<p>Grup\u0105 docelow\u0105 dla produktu opracowanego w ramach realizacji projektu b\u0119d\u0105 o\u015brodki je\u017adzieckie i stajnie.&nbsp;<\/p>\n\n\n\n<p>Opracowany rezultat projektu zapewni wydajne, sprawne, niezawodne usuwanie zanieczyszcze\u0144 z ko\u0144skich boks\u00f3w, jednocze\u015bnie b\u0119d\u0105c ta\u0144szym w eksploatacji od dotychczas stosowanych metod.<\/p>\n\n\n\n<p><strong>Ca\u0142kowita warto\u015b\u0107 projektu:<\/strong>&nbsp;949 860,37&nbsp; PLN<\/p>\n\n\n\n<p><strong>Ca\u0142kowita wartos\u0107 koszt\u00f3w kwalifikowanych<\/strong>&nbsp;: 870 417,02 PLN<\/p>\n\n\n\n<p><strong>Wysoko\u015b\u0107 wk\u0142adu Funduszy Europejskich<\/strong>: 560 562,44 PLN<\/p>","protected":false},"excerpt":{"rendered":"<p>Clever Equine Solutions sp. z o.o. realizuje projekt dofinansowany ze \u015brodk\u00f3w Unii Europejskiej. Tytu\u0142 projektu: &#8221;&nbsp;CMS \u2013 centralny system podci\u015bnieniowego usuwania nieczysto\u015bci z boks\u00f3w stajennych dla koni.\u201d Przedmiotem projektu s\u0105 prace B+R (w tym badania przemys\u0142owe i eksperymentalne prace rozwojowe) zmierzaj\u0105ce do opracowania innowacyjnego w skali kraju (Polski) produktu \u2013 centralnego systemu podci\u015bnieniowego usuwania nieczysto\u015bci [&hellip;]<\/p>","protected":false},"author":2,"featured_media":0,"parent":0,"menu_order":0,"comment_status":"closed","ping_status":"closed","template":"","meta":{"footnotes":""},"class_list":["post-1035","page","type-page","status-publish","hentry"],"_links":{"self":[{"href":"https:\/\/www.cleverequinesolutions.com\/de\/wp-json\/wp\/v2\/pages\/1035"}],"collection":[{"href":"https:\/\/www.cleverequinesolutions.com\/de\/wp-json\/wp\/v2\/pages"}],"about":[{"href":"https:\/\/www.cleverequinesolutions.com\/de\/wp-json\/wp\/v2\/types\/page"}],"author":[{"embeddable":true,"href":"https:\/\/www.cleverequinesolutions.com\/de\/wp-json\/wp\/v2\/users\/2"}],"replies":[{"embeddable":true,"href":"https:\/\/www.cleverequinesolutions.com\/de\/wp-json\/wp\/v2\/comments?post=1035"}],"version-history":[{"count":1,"href":"https:\/\/www.cleverequinesolutions.com\/de\/wp-json\/wp\/v2\/pages\/1035\/revisions"}],"predecessor-version":[{"id":1037,"href":"https:\/\/www.cleverequinesolutions.com\/de\/wp-json\/wp\/v2\/pages\/1035\/revisions\/1037"}],"wp:attachment":[{"href":"https:\/\/www.cleverequinesolutions.com\/de\/wp-json\/wp\/v2\/media?parent=1035"}],"curies":[{"name":"wp","href":"https:\/\/api.w.org\/{rel}","templated":true}]}}